{"id":29606,"date":"2025-11-30T20:51:14","date_gmt":"2025-11-30T20:51:14","guid":{"rendered":"https:\/\/vanillepicia.com\/?page_id=29606"},"modified":"2025-11-30T20:57:30","modified_gmt":"2025-11-30T20:57:30","slug":"site-en-cours-de-construction","status":"publish","type":"page","link":"https:\/\/vanillepicia.com\/en\/site-en-cours-de-construction\/","title":{"rendered":"Site en cours de construction"},"content":{"rendered":"<div data-elementor-type=\"wp-page\" data-elementor-id=\"29606\" class=\"elementor elementor-29606\">\n\t\t\t\t\t\t<section class=\"wd-negative-gap elementor-section elementor-top-section elementor-element elementor-element-f373c64 wd-section-stretch-content elementor-section-content-middle elementor-section-height-full elementor-section-items-stretch elementor-section-boxed elementor-section-height-default\" data-id=\"f373c64\" data-element_type=\"section\">\n\t\t\t\t\t\t<div class=\"elementor-container elementor-column-gap-no\">\n\t\t\t\t\t<div class=\"elementor-column elementor-col-33 elementor-top-column elementor-element elementor-element-42bc6bca color-scheme-light\" data-id=\"42bc6bca\" data-element_type=\"column\" data-settings=\"{&quot;background_background&quot;:&quot;classic&quot;}\">\n\t\t\t<div class=\"elementor-widget-wrap elementor-element-populated\">\n\t\t\t\t\t\t<div class=\"elementor-element elementor-element-49780930 wd-width-100 elementor-widget elementor-widget-wd_title\" data-id=\"49780930\" data-element_type=\"widget\" data-widget_type=\"wd_title.default\">\n\t\t\t\t<div class=\"elementor-widget-container\">\n\t\t\t\t\t\t\t<div class=\"title-wrapper wd-set-mb reset-last-child wd-title-color-primary wd-title-style-default wd-title-size-default text-center\">\n\n\t\t\t\t\t\t\t\t\t\t\t<div class=\"title-subtitle subtitle-color-primary subtitle-style-default wd-fontsize-xs\">\n\t\t\t\t\tVanillepicia\t\t\t\t<\/div>\n\t\t\t\n\t\t\t<div class=\"liner-continer\">\n\t\t\t\t<div class=\"woodmart-title-container title wd-fontsize-l\">Le site est en cours de construction <\/div> \n\t\t\t\t\t\t\t<\/div>\n\n\t\t\t\t\t\t\t<div class=\"title-after_title reset-last-child wd-fontsize-xs\">\n\t\t\t\t\t<p>Nos \u00e9quipes pr\u00e9parent la boutique pour mieux vous servir. \u00c0 tr\u00e8s vite pour de nouvelles saveurs.<\/p>\t\t\t\t<\/div>\n\t\t\t\t\t<\/div>\n\t\t\t\t\t\t<\/div>\n\t\t\t\t<\/div>\n\t\t\t\t\t<\/div>\n\t\t<\/div>\n\t\t\t\t<div class=\"elementor-column elementor-col-66 elementor-top-column elementor-element elementor-element-7e6517c\" data-id=\"7e6517c\" data-element_type=\"column\" data-settings=\"{&quot;background_background&quot;:&quot;classic&quot;}\">\n\t\t\t<div class=\"elementor-widget-wrap elementor-element-populated\">\n\t\t\t\t\t\t<div class=\"elementor-element elementor-element-27cf23ba elementor-widget elementor-widget-spacer\" data-id=\"27cf23ba\" data-element_type=\"widget\" data-widget_type=\"spacer.default\">\n\t\t\t\t\t\t\t<div class=\"elementor-spacer\">\n\t\t\t<div class=\"elementor-spacer-inner\"><\/div>\n\t\t<\/div>\n\t\t\t\t\t\t<\/div>\n\t\t\t\t\t<\/div>\n\t\t<\/div>\n\t\t\t\t\t<\/div>\n\t\t<\/section>\n\t\t\t\t<\/div>","protected":false},"excerpt":{"rendered":"<p>Vanillepicia Le site est en cours de construction Nos \u00e9quipes pr\u00e9parent la boutique pour mieux vous servir. \u00c0 tr\u00e8s vite<\/p>","protected":false},"author":2,"featured_media":0,"parent":0,"menu_order":0,"comment_status":"closed","ping_status":"closed","template":"maintenance.php","meta":{"footnotes":""},"class_list":["post-29606","page","type-page","status-publish","hentry"],"_links":{"self":[{"href":"https:\/\/vanillepicia.com\/en\/wp-json\/wp\/v2\/pages\/29606","targetHints":{"allow":["GET"]}}],"collection":[{"href":"https:\/\/vanillepicia.com\/en\/wp-json\/wp\/v2\/pages"}],"about":[{"href":"https:\/\/vanillepicia.com\/en\/wp-json\/wp\/v2\/types\/page"}],"author":[{"embeddable":true,"href":"https:\/\/vanillepicia.com\/en\/wp-json\/wp\/v2\/users\/2"}],"replies":[{"embeddable":true,"href":"https:\/\/vanillepicia.com\/en\/wp-json\/wp\/v2\/comments?post=29606"}],"version-history":[{"count":10,"href":"https:\/\/vanillepicia.com\/en\/wp-json\/wp\/v2\/pages\/29606\/revisions"}],"predecessor-version":[{"id":29622,"href":"https:\/\/vanillepicia.com\/en\/wp-json\/wp\/v2\/pages\/29606\/revisions\/29622"}],"wp:attachment":[{"href":"https:\/\/vanillepicia.com\/en\/wp-json\/wp\/v2\/media?parent=29606"}],"curies":[{"name":"wp","href":"https:\/\/api.w.org\/{rel}","templated":true}]}}